{"id":34,"date":"2014-10-29T10:13:16","date_gmt":"2014-10-29T09:13:16","guid":{"rendered":"http:\/\/oekotop100.de\/software\/?page_id=34"},"modified":"2014-12-01T11:04:43","modified_gmt":"2014-12-01T10:04:43","slug":"einladung","status":"publish","type":"page","link":"https:\/\/oekotop100.de\/software\/","title":{"rendered":"Einladung"},"content":{"rendered":"<h2>Fachgespr\u00e4ch Nachhaltige Software<\/h2>\n<p><strong>am 28.November 2014 von 10:00 Uhr bis 15:30 Uhr in Berlin<\/strong><\/p>\n<p>Das Umweltbundesamt und das \u00d6ko-Institut e.V. laden Sie zu einem Fachgespr\u00e4ch \u201eNachhaltige Software\u201c ein und m\u00f6chten mit Ihnen als VertreterIn aus Wissenschaft, Softwareentwicklung und Anwendung \u00fcber dieses Themenfeld diskutieren.<\/p>\n<p>Wird von Green IT gesprochen, so denkt man dabei meist an energieeffiziente und ressourcenschonende Hardware. Von ebenso gro\u00dfer Bedeutung f\u00fcr die Nachhaltigkeit eines IT-Systems ist jedoch die Software. Wachsende Datenmengen und \u00fcberdimensionierte Programme erfordern den best\u00e4ndigen Ausbau von IT-Netzen, Datenspeichern und Rechenkapazit\u00e4ten.<\/p>\n<p>H\u00f6chste Zeit also, die Diskussion \u00fcber Nachhaltige Software anzusto\u00dfen.<\/p>\n<p>Unter \u201eNachhaltiger Software\u201c wird (im weitesten Sinne) Software verstanden, die entlang ihres Lebensweges (Entwicklung, Anwendung, Au\u00dferbetriebnahme) zur nachhaltigen Entwicklung beitr\u00e4gt. Dies kann beispielsweise dadurch realisiert sein, dass sie effizient und schlank programmiert sowie modular und erweiterbar ist, langfristig gepflegt wird oder in ihrer Anwendung einen positiven Effekt auf die Umwelt hat.<\/p>\n<p>Zusammen mit VertreterInnen aus Wissenschaft, Softwareentwicklung und Anwendung m\u00f6chten wir \u00fcber die umweltbezogenen Aspekte von Nachhaltiger Software diskutieren. Mit Kurzvortr\u00e4gen zum nachhaltigen Software-Engineering, Energie- und Ressourceneffizienz, Software-Anwendung und Online-Diensten wird in das Thema eingef\u00fchrt.<\/p>\n<p>Im Fachgespr\u00e4ch soll ein gemeinsames Verst\u00e4ndnis f\u00fcr Nachhaltige Software entwickelt, m\u00f6gliche Mindestanforderungen an eine solche Software skizziert und der weitere Forschungsbedarf identifiziert werden.<\/p>\n<p><a href=\"\/software\/anmeldung\">Zur Anmeldung \u2192<\/a><\/p>\n","protected":false},"excerpt":{"rendered":"<p>Fachgespr\u00e4ch Nachhaltige Software am 28.November 2014 von 10:00 Uhr bis 15:30 Uhr in Berlin Das Umweltbundesamt und das \u00d6ko-Institut e.V. laden Sie zu einem Fachgespr\u00e4ch \u201eNachhaltige Software\u201c ein und m\u00f6chten mit Ihnen als VertreterIn aus Wissenschaft, Softwareentwicklung und Anwendung \u00fcber dieses Themenfeld diskutieren. Wird von Green IT gesprochen, so denkt man dabei meist an energieeffiziente [&hellip;]<\/p>\n","protected":false},"author":1,"featured_media":0,"parent":0,"menu_order":0,"comment_status":"closed","ping_status":"open","template":"","meta":[],"_links":{"self":[{"href":"https:\/\/oekotop100.de\/software\/wp-json\/wp\/v2\/pages\/34"}],"collection":[{"href":"https:\/\/oekotop100.de\/software\/wp-json\/wp\/v2\/pages"}],"about":[{"href":"https:\/\/oekotop100.de\/software\/wp-json\/wp\/v2\/types\/page"}],"author":[{"embeddable":true,"href":"https:\/\/oekotop100.de\/software\/wp-json\/wp\/v2\/users\/1"}],"replies":[{"embeddable":true,"href":"https:\/\/oekotop100.de\/software\/wp-json\/wp\/v2\/comments?post=34"}],"version-history":[{"count":4,"href":"https:\/\/oekotop100.de\/software\/wp-json\/wp\/v2\/pages\/34\/revisions"}],"predecessor-version":[{"id":45,"href":"https:\/\/oekotop100.de\/software\/wp-json\/wp\/v2\/pages\/34\/revisions\/45"}],"wp:attachment":[{"href":"https:\/\/oekotop100.de\/software\/wp-json\/wp\/v2\/media?parent=34"}],"curies":[{"name":"wp","href":"https:\/\/api.w.org\/{rel}","templated":true}]}}